{"id":3487,"date":"2025-04-07T23:46:27","date_gmt":"2025-04-07T23:46:27","guid":{"rendered":"https:\/\/agromundocr.com\/agricultural-marketing-cr\/"},"modified":"2025-04-07T23:49:21","modified_gmt":"2025-04-07T23:49:21","slug":"marketing-agropecuario-cr","status":"publish","type":"page","link":"https:\/\/agromundocr.com\/es\/marketing-agropecuario-cr\/","title":{"rendered":"Marketing Agropecuario CR"},"content":{"rendered":"\t\t<div data-elementor-type=\"wp-page\" data-elementor-id=\"3487\" class=\"elementor elementor-3487 elementor-3479\">\n\t\t\t\t\t\t\t\t\t<section class=\"elementor-section elementor-top-section elementor-element elementor-element-b2f4262 elementor-section-boxed elementor-section-height-default elementor-section-height-default\" data-id=\"b2f4262\" data-element_type=\"section\">\n\t\t\t\t\t\t<div class=\"elementor-container elementor-column-gap-default\">\n\t\t\t\t\t<div class=\"elementor-column elementor-col-50 elementor-top-column elementor-element elementor-element-7f282f0\" data-id=\"7f282f0\" data-element_type=\"column\">\n\t\t\t<div class=\"elementor-widget-wrap elementor-element-populated\">\n\t\t\t\t\t\t\t\t<div class=\"elementor-element elementor-element-e651945 elementor-widget elementor-widget-heading\" data-id=\"e651945\" data-element_type=\"widget\" data-widget_type=\"heading.default\">\n\t\t\t\t<div class=\"elementor-widget-container\">\n\t\t\t<style>\/*! elementor - v3.11.3 - 07-03-2023 *\/\n.elementor-heading-title{padding:0;margin:0;line-height:1}.elementor-widget-heading .elementor-heading-title[class*=elementor-size-]>a{color:inherit;font-size:inherit;line-height:inherit}.elementor-widget-heading .elementor-heading-title.elementor-size-small{font-size:15px}.elementor-widget-heading .elementor-heading-title.elementor-size-medium{font-size:19px}.elementor-widget-heading .elementor-heading-title.elementor-size-large{font-size:29px}.elementor-widget-heading .elementor-heading-title.elementor-size-xl{font-size:39px}.elementor-widget-heading .elementor-heading-title.elementor-size-xxl{font-size:59px}<\/style><h2 class=\"elementor-heading-title elementor-size-default\">EN VENTA LIBRO HAMBRUNA EN EL PLANETA<\/h2>\t\t<\/div>\n\t\t\t\t<\/div>\n\t\t\t\t<div class=\"elementor-element-custom_font_size elementor-element elementor-element-91946a1 elementor-widget elementor-widget-text-editor\" data-id=\"91946a1\" data-element_type=\"widget\" data-widget_type=\"text-editor.default\">\n\t\t\t\t<div class=\"elementor-widget-container\">\n\t\t\t<style>\/*! elementor - v3.11.3 - 07-03-2023 *\/\n.elementor-widget-text-editor.elementor-drop-cap-view-stacked .elementor-drop-cap{background-color:#818a91;color:#fff}.elementor-widget-text-editor.elementor-drop-cap-view-framed .elementor-drop-cap{color:#818a91;border:3px solid;background-color:transparent}.elementor-widget-text-editor:not(.elementor-drop-cap-view-default) .elementor-drop-cap{margin-top:8px}.elementor-widget-text-editor:not(.elementor-drop-cap-view-default) .elementor-drop-cap-letter{width:1em;height:1em}.elementor-widget-text-editor .elementor-drop-cap{float:left;text-align:center;line-height:1;font-size:50px}.elementor-widget-text-editor .elementor-drop-cap-letter{display:inline-block}<\/style>\t\t\t\t<p>Disponible en idioma espa\u00f1ol<\/p><p>Precio US$10.00 (\u00a25.000,00 colones Costa Rica) m\u00e1s costo de env\u00edo.<\/p><p>Modo de pago v\u00eda transferencia o Sinpe m\u00f3vil.<\/p><p>Ubicaci\u00f3n: Costa Rica<\/p><p>M\u00e1s detalles: <a href=\"mailto:info@agromundocr.com\">info@agromundocr.com<\/a><\/p>\t\t\t\t\t\t<\/div>\n\t\t\t\t<\/div>\n\t\t\t\t\t<\/div>\n\t\t<\/div>\n\t\t\t\t<div class=\"elementor-column elementor-col-50 elementor-top-column elementor-element elementor-element-3d70ce9\" data-id=\"3d70ce9\" data-element_type=\"column\">\n\t\t\t<div class=\"elementor-widget-wrap elementor-element-populated\">\n\t\t\t\t\t\t\t\t<div class=\"elementor-element elementor-element-66fac39 elementor-widget elementor-widget-image\" data-id=\"66fac39\" data-element_type=\"widget\" data-widget_type=\"image.default\">\n\t\t\t\t<div class=\"elementor-widget-container\">\n\t\t\t<style>\/*! elementor - v3.11.3 - 07-03-2023 *\/\n.elementor-widget-image{text-align:center}.elementor-widget-image a{display:inline-block}.elementor-widget-image a img[src$=\".svg\"]{width:48px}.elementor-widget-image img{vertical-align:middle;display:inline-block}<\/style>\t\t\t\t\t\t\t\t\t\t\t\t<img loading=\"lazy\" decoding=\"async\" width=\"309\" height=\"410\" src=\"https:\/\/agromundocr.com\/wp-content\/uploads\/2025\/04\/libro_3.jpg\" class=\"attachment-large size-large wp-image-3461\" alt=\"\" srcset=\"https:\/\/agromundocr.com\/wp-content\/uploads\/2025\/04\/libro_3.jpg 309w, https:\/\/agromundocr.com\/wp-content\/uploads\/2025\/04\/libro_3-226x300.jpg 226w\" sizes=\"(max-width: 309px) 100vw, 309px\" title=\"libro_3\" \/>\t\t\t\t\t\t\t\t\t\t\t\t\t\t\t<\/div>\n\t\t\t\t<\/div>\n\t\t\t\t<div class=\"elementor-element elementor-element-8f6275a elementor-absolute elementor-widget elementor-widget-image\" data-id=\"8f6275a\" data-element_type=\"widget\" data-settings=\"{&quot;_position&quot;:&quot;absolute&quot;}\" data-widget_type=\"image.default\">\n\t\t\t\t<div class=\"elementor-widget-container\">\n\t\t\t\t\t\t\t\t\t\t\t\t\t\t\t<img loading=\"lazy\" decoding=\"async\" width=\"225\" height=\"300\" src=\"https:\/\/agromundocr.com\/wp-content\/uploads\/2025\/04\/libro-225x300.jpg\" class=\"attachment-medium size-medium wp-image-3447\" alt=\"\" srcset=\"https:\/\/agromundocr.com\/wp-content\/uploads\/2025\/04\/libro-225x300.jpg 225w, https:\/\/agromundocr.com\/wp-content\/uploads\/2025\/04\/libro.jpg 481w\" sizes=\"(max-width: 225px) 100vw, 225px\" title=\"libro\" \/>\t\t\t\t\t\t\t\t\t\t\t\t\t\t\t<\/div>\n\t\t\t\t<\/div>\n\t\t\t\t\t<\/div>\n\t\t<\/div>\n\t\t\t\t\t\t\t<\/div>\n\t\t<\/section>\n\t\t\t\t<section class=\"elementor-section elementor-top-section elementor-element elementor-element-053c4c2 elementor-section-boxed elementor-section-height-default elementor-section-height-default\" data-id=\"053c4c2\" data-element_type=\"section\">\n\t\t\t\t\t\t<div class=\"elementor-container elementor-column-gap-default\">\n\t\t\t\t\t<div class=\"elementor-column elementor-col-50 elementor-top-column elementor-element elementor-element-828c783\" data-id=\"828c783\" data-element_type=\"column\">\n\t\t\t<div class=\"elementor-widget-wrap elementor-element-populated\">\n\t\t\t\t\t\t\t\t<div class=\"elementor-element elementor-element-d643c8a elementor-absolute elementor-widget elementor-widget-image\" data-id=\"d643c8a\" data-element_type=\"widget\" data-settings=\"{&quot;_position&quot;:&quot;absolute&quot;}\" data-widget_type=\"image.default\">\n\t\t\t\t<div class=\"elementor-widget-container\">\n\t\t\t\t\t\t\t\t\t\t\t\t\t\t\t<img loading=\"lazy\" decoding=\"async\" width=\"419\" height=\"194\" src=\"https:\/\/agromundocr.com\/wp-content\/uploads\/2025\/04\/lote.png\" class=\"attachment-large size-large wp-image-3468\" alt=\"\" srcset=\"https:\/\/agromundocr.com\/wp-content\/uploads\/2025\/04\/lote.png 419w, https:\/\/agromundocr.com\/wp-content\/uploads\/2025\/04\/lote-300x139.png 300w\" sizes=\"(max-width: 419px) 100vw, 419px\" title=\"lote\" \/>\t\t\t\t\t\t\t\t\t\t\t\t\t\t\t<\/div>\n\t\t\t\t<\/div>\n\t\t\t\t<div class=\"elementor-element elementor-element-f15f894 elementor-widget elementor-widget-image\" data-id=\"f15f894\" data-element_type=\"widget\" data-widget_type=\"image.default\">\n\t\t\t\t<div class=\"elementor-widget-container\">\n\t\t\t\t\t\t\t\t\t\t\t\t\t\t\t<img loading=\"lazy\" decoding=\"async\" width=\"296\" height=\"640\" src=\"https:\/\/agromundocr.com\/wp-content\/uploads\/2025\/04\/lote_2.png\" class=\"attachment-large size-large wp-image-3469\" alt=\"\" srcset=\"https:\/\/agromundocr.com\/wp-content\/uploads\/2025\/04\/lote_2.png 296w, https:\/\/agromundocr.com\/wp-content\/uploads\/2025\/04\/lote_2-139x300.png 139w\" sizes=\"(max-width: 296px) 100vw, 296px\" title=\"lote_2\" \/>\t\t\t\t\t\t\t\t\t\t\t\t\t\t\t<\/div>\n\t\t\t\t<\/div>\n\t\t\t\t\t<\/div>\n\t\t<\/div>\n\t\t\t\t<div class=\"elementor-column elementor-col-50 elementor-top-column elementor-element elementor-element-af24191\" data-id=\"af24191\" data-element_type=\"column\">\n\t\t\t<div class=\"elementor-widget-wrap elementor-element-populated\">\n\t\t\t\t\t\t\t\t<div class=\"elementor-element elementor-element-a2ccf7f elementor-widget elementor-widget-heading\" data-id=\"a2ccf7f\" data-element_type=\"widget\" data-widget_type=\"heading.default\">\n\t\t\t\t<div class=\"elementor-widget-container\">\n\t\t\t<h2 class=\"elementor-heading-title elementor-size-default\">EN VENTA LOTE EN KM 31 DE LAUREL<\/h2>\t\t<\/div>\n\t\t\t\t<\/div>\n\t\t\t\t<div class=\"elementor-element-custom_font_size elementor-element elementor-element-2cc6784 elementor-widget elementor-widget-text-editor\" data-id=\"2cc6784\" data-element_type=\"widget\" data-widget_type=\"text-editor.default\">\n\t\t\t\t<div class=\"elementor-widget-container\">\n\t\t\t\t\t\t\t<p>Mide 789 metros cuadrados<\/p><p>Plano: Si &#8211; Escritura: Si &#8211; Libre de grav\u00e1menes<\/p><p>Precio \u00a25.000.000,00 (5 millones de colones)<\/p><p>Direcci\u00f3n: km 31 de Laurel, Corredores, Puntarenas, Costa Rica<\/p><p>Comentario: Listo para construir, ya cuenta con medidor de AyA<\/p><p>M\u00e1s detalles: <a href=\"mailto:info@agromundocr.com\">info@agromundocr.com<\/a><\/p>\t\t\t\t\t\t<\/div>\n\t\t\t\t<\/div>\n\t\t\t\t\t<\/div>\n\t\t<\/div>\n\t\t\t\t\t\t\t<\/div>\n\t\t<\/section>\n\t\t\t\t\t\t\t<\/div>\n\t\t","protected":false},"excerpt":{"rendered":"<p>EN VENTA LIBRO HAMBRUNA EN EL PLANETA Disponible en idioma espa\u00f1ol Precio US$10.00 (\u00a25.000,00 colones Costa Rica) m\u00e1s costo de env\u00edo. Modo de pago v\u00eda transferencia o Sinpe m\u00f3vil. Ubicaci\u00f3n: Costa Rica M\u00e1s detalles: info@agromundocr.com EN VENTA LOTE EN KM 31 DE LAUREL Mide 789 metros cuadrados Plano: Si &#8211; Escritura: Si &#8211; Libre de [&hellip;]<\/p>\n","protected":false},"author":1,"featured_media":0,"parent":0,"menu_order":0,"comment_status":"closed","ping_status":"closed","template":"elementor_header_footer","meta":{"footnotes":""},"class_list":["post-3487","page","type-page","status-publish","hentry"],"_links":{"self":[{"href":"https:\/\/agromundocr.com\/es\/wp-json\/wp\/v2\/pages\/3487"}],"collection":[{"href":"https:\/\/agromundocr.com\/es\/wp-json\/wp\/v2\/pages"}],"about":[{"href":"https:\/\/agromundocr.com\/es\/wp-json\/wp\/v2\/types\/page"}],"author":[{"embeddable":true,"href":"https:\/\/agromundocr.com\/es\/wp-json\/wp\/v2\/users\/1"}],"replies":[{"embeddable":true,"href":"https:\/\/agromundocr.com\/es\/wp-json\/wp\/v2\/comments?post=3487"}],"version-history":[{"count":1,"href":"https:\/\/agromundocr.com\/es\/wp-json\/wp\/v2\/pages\/3487\/revisions"}],"predecessor-version":[{"id":3488,"href":"https:\/\/agromundocr.com\/es\/wp-json\/wp\/v2\/pages\/3487\/revisions\/3488"}],"wp:attachment":[{"href":"https:\/\/agromundocr.com\/es\/wp-json\/wp\/v2\/media?parent=3487"}],"curies":[{"name":"wp","href":"https:\/\/api.w.org\/{rel}","templated":true}]}}