{"id":3105,"date":"2023-05-10T23:32:55","date_gmt":"2023-05-10T23:32:55","guid":{"rendered":"https:\/\/agromundocr.com\/adolfo-morales-madolfo-morales-m\/"},"modified":"2023-05-26T17:01:42","modified_gmt":"2023-05-26T17:01:42","slug":"adolfo-morales-m","status":"publish","type":"page","link":"https:\/\/agromundocr.com\/es\/adolfo-morales-m\/","title":{"rendered":"Adolfo Morales M"},"content":{"rendered":"\t\t<div data-elementor-type=\"wp-page\" data-elementor-id=\"3105\" class=\"elementor elementor-3105 elementor-2920\">\n\t\t\t\t\t\t\t\t\t<section class=\"elementor-section elementor-top-section elementor-element elementor-element-13a5b52 elementor-section-boxed elementor-section-height-default elementor-section-height-default\" data-id=\"13a5b52\" data-element_type=\"section\">\n\t\t\t\t\t\t<div class=\"elementor-container elementor-column-gap-default\">\n\t\t\t\t\t<div class=\"elementor-column elementor-col-33 elementor-top-column elementor-element elementor-element-9e9819d\" data-id=\"9e9819d\" data-element_type=\"column\">\n\t\t\t<div class=\"elementor-widget-wrap elementor-element-populated\">\n\t\t\t\t\t\t\t\t<div class=\"elementor-element elementor-element-fb00f03 elementor-widget elementor-widget-image\" data-id=\"fb00f03\" data-element_type=\"widget\" data-widget_type=\"image.default\">\n\t\t\t\t<div class=\"elementor-widget-container\">\n\t\t\t<style>\/*! elementor - v3.11.3 - 07-03-2023 *\/\n.elementor-widget-image{text-align:center}.elementor-widget-image a{display:inline-block}.elementor-widget-image a img[src$=\".svg\"]{width:48px}.elementor-widget-image img{vertical-align:middle;display:inline-block}<\/style>\t\t\t\t\t\t\t\t\t\t\t\t<img loading=\"lazy\" decoding=\"async\" width=\"346\" height=\"445\" src=\"https:\/\/agromundocr.com\/wp-content\/uploads\/2023\/04\/adolfo.png\" class=\"attachment-large size-large wp-image-2923\" alt=\"\" srcset=\"https:\/\/agromundocr.com\/wp-content\/uploads\/2023\/04\/adolfo.png 346w, https:\/\/agromundocr.com\/wp-content\/uploads\/2023\/04\/adolfo-233x300.png 233w\" sizes=\"(max-width: 346px) 100vw, 346px\" title=\"adolfo\" \/>\t\t\t\t\t\t\t\t\t\t\t\t\t\t\t<\/div>\n\t\t\t\t<\/div>\n\t\t\t\t\t<\/div>\n\t\t<\/div>\n\t\t\t\t<div class=\"elementor-column elementor-col-66 elementor-top-column elementor-element elementor-element-878e07d\" data-id=\"878e07d\" data-element_type=\"column\">\n\t\t\t<div class=\"elementor-widget-wrap elementor-element-populated\">\n\t\t\t\t\t\t\t\t<div class=\"elementor-element elementor-element-5d69776 elementor-widget elementor-widget-heading\" data-id=\"5d69776\" data-element_type=\"widget\" data-widget_type=\"heading.default\">\n\t\t\t\t<div class=\"elementor-widget-container\">\n\t\t\t<style>\/*! elementor - v3.11.3 - 07-03-2023 *\/\n.elementor-heading-title{padding:0;margin:0;line-height:1}.elementor-widget-heading .elementor-heading-title[class*=elementor-size-]>a{color:inherit;font-size:inherit;line-height:inherit}.elementor-widget-heading .elementor-heading-title.elementor-size-small{font-size:15px}.elementor-widget-heading .elementor-heading-title.elementor-size-medium{font-size:19px}.elementor-widget-heading .elementor-heading-title.elementor-size-large{font-size:29px}.elementor-widget-heading .elementor-heading-title.elementor-size-xl{font-size:39px}.elementor-widget-heading .elementor-heading-title.elementor-size-xxl{font-size:59px}<\/style><h2 class=\"elementor-heading-title elementor-size-default\">INGENIERO ADOLFO MORALES M<\/h2>\t\t<\/div>\n\t\t\t\t<\/div>\n\t\t\t\t<div class=\"elementor-element elementor-element-d087d35 elementor-widget elementor-widget-text-editor\" data-id=\"d087d35\" data-element_type=\"widget\" data-widget_type=\"text-editor.default\">\n\t\t\t\t<div class=\"elementor-widget-container\">\n\t\t\t<style>\/*! elementor - v3.11.3 - 07-03-2023 *\/\n.elementor-widget-text-editor.elementor-drop-cap-view-stacked .elementor-drop-cap{background-color:#818a91;color:#fff}.elementor-widget-text-editor.elementor-drop-cap-view-framed .elementor-drop-cap{color:#818a91;border:3px solid;background-color:transparent}.elementor-widget-text-editor:not(.elementor-drop-cap-view-default) .elementor-drop-cap{margin-top:8px}.elementor-widget-text-editor:not(.elementor-drop-cap-view-default) .elementor-drop-cap-letter{width:1em;height:1em}.elementor-widget-text-editor .elementor-drop-cap{float:left;text-align:center;line-height:1;font-size:50px}.elementor-widget-text-editor .elementor-drop-cap-letter{display:inline-block}<\/style>\t\t\t\t<p><strong>Preparaci\u00f3n acad\u00e9mica y pr\u00e1ctica en:<\/strong><\/p><p>Rusia<br \/>Chile<br \/>Argentina<br \/>Venezuela<br \/>Jap\u00f3n<br \/>Costa Rica<\/p>\t\t\t\t\t\t<\/div>\n\t\t\t\t<\/div>\n\t\t\t\t\t<\/div>\n\t\t<\/div>\n\t\t\t\t\t\t\t<\/div>\n\t\t<\/section>\n\t\t\t\t\t\t\t<\/div>\n\t\t","protected":false},"excerpt":{"rendered":"<p>INGENIERO ADOLFO MORALES M Preparaci\u00f3n acad\u00e9mica y pr\u00e1ctica en: RusiaChileArgentinaVenezuelaJap\u00f3nCosta Rica<\/p>\n","protected":false},"author":1,"featured_media":0,"parent":0,"menu_order":0,"comment_status":"closed","ping_status":"closed","template":"elementor_header_footer","meta":{"footnotes":""},"class_list":["post-3105","page","type-page","status-publish","hentry"],"_links":{"self":[{"href":"https:\/\/agromundocr.com\/es\/wp-json\/wp\/v2\/pages\/3105"}],"collection":[{"href":"https:\/\/agromundocr.com\/es\/wp-json\/wp\/v2\/pages"}],"about":[{"href":"https:\/\/agromundocr.com\/es\/wp-json\/wp\/v2\/types\/page"}],"author":[{"embeddable":true,"href":"https:\/\/agromundocr.com\/es\/wp-json\/wp\/v2\/users\/1"}],"replies":[{"embeddable":true,"href":"https:\/\/agromundocr.com\/es\/wp-json\/wp\/v2\/comments?post=3105"}],"version-history":[{"count":12,"href":"https:\/\/agromundocr.com\/es\/wp-json\/wp\/v2\/pages\/3105\/revisions"}],"predecessor-version":[{"id":3366,"href":"https:\/\/agromundocr.com\/es\/wp-json\/wp\/v2\/pages\/3105\/revisions\/3366"}],"wp:attachment":[{"href":"https:\/\/agromundocr.com\/es\/wp-json\/wp\/v2\/media?parent=3105"}],"curies":[{"name":"wp","href":"https:\/\/api.w.org\/{rel}","templated":true}]}}